{"id":438,"date":"2016-09-04T12:46:27","date_gmt":"2016-09-04T11:46:27","guid":{"rendered":"https:\/\/mandarinestudio.com\/news\/?page_id=438"},"modified":"2016-10-21T16:08:22","modified_gmt":"2016-10-21T15:08:22","slug":"acerca-de","status":"publish","type":"page","link":"https:\/\/mandarinestudio.com\/news\/es\/acerca-de\/","title":{"rendered":"Acerca de"},"content":{"rendered":"<p>Mandarine Studio es un estudio de videojuegos indie que naci\u00f3 en 2014 formado por <a href=\"https:\/\/twitter.com\/chiara_sky\">Clara Garc\u00eda<\/a>, dise\u00f1adora y artista, y <a href=\"https:\/\/twitter.com\/jowie_94\">Joel Lopez<\/a>, dise\u00f1ador y programador.<\/p>\n<p>A raiz de Mandarine Studio naci\u00f3 el blog Mandarine News, un portal web de informaci\u00f3n sobre videojuegos y nuevas tecnolog\u00edas que surgi\u00f3 por nuestra inquietud de compartir aquellas noticias que nos parec\u00edan m\u00e1s interesantes y transmitirlas desde nuestro punto de vista.<\/p>\n<p>Si quer\u00e9is contactar con nosotros, no dud\u00e9is en mandarnos un mail a <a href=\"mailto:contact@mandarinestudio.com\">contact@mandarinestudio.com<\/a><\/p>\n","protected":false},"excerpt":{"rendered":"<p>Mandarine Studio es un estudio de videojuegos indie que naci\u00f3 en 2014 formado por Clara Garc\u00eda, dise\u00f1adora y artista, y Joel Lopez, dise\u00f1ador y programador. A raiz de Mandarine Studio naci\u00f3 el blog Mandarine News, un portal web de informaci\u00f3n sobre videojuegos y nuevas tecnolog\u00edas que surgi\u00f3 por nuestra inquietud de compartir aquellas noticias que [&hellip;]<\/p>\n","protected":false},"author":1,"featured_media":0,"parent":0,"menu_order":0,"comment_status":"closed","ping_status":"closed","template":"","meta":{"jetpack_post_was_ever_published":false,"footnotes":""},"class_list":["post-438","page","type-page","status-publish","hentry"],"jetpack_sharing_enabled":true,"jetpack_shortlink":"https:\/\/wp.me\/P7dwAC-74","jetpack-related-posts":[],"_links":{"self":[{"href":"https:\/\/mandarinestudio.com\/news\/wp-json\/wp\/v2\/pages\/438","targetHints":{"allow":["GET"]}}],"collection":[{"href":"https:\/\/mandarinestudio.com\/news\/wp-json\/wp\/v2\/pages"}],"about":[{"href":"https:\/\/mandarinestudio.com\/news\/wp-json\/wp\/v2\/types\/page"}],"author":[{"embeddable":true,"href":"https:\/\/mandarinestudio.com\/news\/wp-json\/wp\/v2\/users\/1"}],"replies":[{"embeddable":true,"href":"https:\/\/mandarinestudio.com\/news\/wp-json\/wp\/v2\/comments?post=438"}],"version-history":[{"count":3,"href":"https:\/\/mandarinestudio.com\/news\/wp-json\/wp\/v2\/pages\/438\/revisions"}],"predecessor-version":[{"id":498,"href":"https:\/\/mandarinestudio.com\/news\/wp-json\/wp\/v2\/pages\/438\/revisions\/498"}],"wp:attachment":[{"href":"https:\/\/mandarinestudio.com\/news\/wp-json\/wp\/v2\/media?parent=438"}],"curies":[{"name":"wp","href":"https:\/\/api.w.org\/{rel}","templated":true}]}}